{"id":30,"date":"2025-10-02T05:39:32","date_gmt":"2025-10-02T05:39:32","guid":{"rendered":"https:\/\/fermelalaque.fr\/?page_id=30"},"modified":"2025-10-03T12:17:13","modified_gmt":"2025-10-03T12:17:13","slug":"presentation","status":"publish","type":"page","link":"https:\/\/fermelalaque.fr\/index.php\/presentation\/","title":{"rendered":"Pr\u00e9sentation"},"content":{"rendered":"<div id=\"pl-gb30-69e8a9148ab78\"  class=\"panel-layout\" ><div id=\"pg-gb30-69e8a9148ab78-0\"  class=\"panel-grid panel-no-style\" ><div id=\"pgc-gb30-69e8a9148ab78-0-0\"  class=\"panel-grid-cell\" ><div id=\"panel-gb30-69e8a9148ab78-0-0-0\" class=\"so-panel widget widget_sow-headline panel-first-child\" data-index=\"0\" ><div\n\t\t\t\n\t\t\tclass=\"so-widget-sow-headline so-widget-sow-headline-default-5ff98ee6f9a9-30\"\n\t\t\t\n\t\t><div class=\"sow-headline-container \">\n\t\t\t\t\t\t\t<h2 class=\"sow-headline\">\n\t\t\t\t\t\tPr\u00e9sentation de la ferme Lalaque\t\t\t\t\t\t<\/h2>\n\t\t\t\t\t\t\t\t\t\t\t<div class=\"decoration\">\n\t\t\t\t\t\t<div class=\"decoration-inside\"><\/div>\n\t\t\t\t\t<\/div>\n\t\t\t\t\t<\/div>\n<\/div><\/div><div id=\"panel-gb30-69e8a9148ab78-0-0-1\" class=\"so-panel widget widget_sow-editor\" data-index=\"1\" ><div\n\t\t\t\n\t\t\tclass=\"so-widget-sow-editor so-widget-sow-editor-base\"\n\t\t\t\n\t\t>\n<div class=\"siteorigin-widget-tinymce textwidget\">\n\t<p><img loading=\"lazy\" decoding=\"async\" class=\" wp-image-47 alignright\" src=\"http:\/\/fermelalaque.fr\/wp-content\/uploads\/2025\/10\/photo_presentation1-226x300.jpg\" alt=\"\" width=\"173\" height=\"230\" srcset=\"https:\/\/fermelalaque.fr\/wp-content\/uploads\/2025\/10\/photo_presentation1-226x300.jpg 226w, https:\/\/fermelalaque.fr\/wp-content\/uploads\/2025\/10\/photo_presentation1.jpg 270w\" sizes=\"auto, (max-width: 173px) 100vw, 173px\" \/>Situ\u00e9e dans les Hautes-Pyr\u00e9n\u00e9es, plus pr\u00e9cis\u00e9ment \u00e0 Sauveterre, la <strong>ferme Lalaque<\/strong> perp\u00e9tue les traditions depuis quatre g\u00e9n\u00e9rations.<\/p>\n<p>Tout d&rsquo;abord c\u00e9r\u00e9alier et naisseur engraisseur de porc, la famille d\u00e9cide de devenir autonome sur leur production d&rsquo;aliments pour leur \u00e9levage.<\/p>\n<p>Puis sur l&rsquo;impulsion de l&rsquo;installation du fils Franck, et du savoir-faire de Patricia et G\u00e9rard, ses parents, la soci\u00e9t\u00e9 le GAEC Lalaque se lance dans la vente directe de leurs produits&#8230;<\/p>\n<\/div>\n<\/div><\/div><div id=\"panel-gb30-69e8a9148ab78-0-0-2\" class=\"so-panel widget widget_sow-headline\" data-index=\"2\" ><div\n\t\t\t\n\t\t\tclass=\"so-widget-sow-headline so-widget-sow-headline-default-5ff98ee6f9a9-30\"\n\t\t\t\n\t\t><div class=\"sow-headline-container \">\n\t\t\t\t\t\t\t<h2 class=\"sow-headline\">\n\t\t\t\t\t\tL&rsquo;\u00e9levage\t\t\t\t\t\t<\/h2>\n\t\t\t\t\t\t\t\t\t\t\t<div class=\"decoration\">\n\t\t\t\t\t\t<div class=\"decoration-inside\"><\/div>\n\t\t\t\t\t<\/div>\n\t\t\t\t\t<\/div>\n<\/div><\/div><div id=\"panel-gb30-69e8a9148ab78-0-0-3\" class=\"so-panel widget widget_sow-editor\" data-index=\"3\" ><div\n\t\t\t\n\t\t\tclass=\"so-widget-sow-editor so-widget-sow-editor-base\"\n\t\t\t\n\t\t>\n<div class=\"siteorigin-widget-tinymce textwidget\">\n\t<p style=\"text-align: left;\">La ferme produit des porcs lourds, entre 150 \u00e0 200 kg carcasse, pour avoir une viande plus faite et plus go\u00fbteuse.<\/p>\n<p style=\"text-align: left;\">Tous les porcs sont nourris avec les c\u00e9r\u00e9ales de la ferme : orge, bl\u00e9, ma\u00efs, soja non OGM.<\/p>\n<p style=\"text-align: left;\">Ceci permet une tra\u00e7abilit\u00e9 sans faille. Attentive \u00e0 la fa\u00e7on d&rsquo;\u00e9lever leurs porcs, la famille Lalaque privil\u00e9gie le bien \u00eatre de l&rsquo;\u00e9levage et donc la qualit\u00e9 gustative.<\/p>\n<\/div>\n<\/div><\/div><div id=\"panel-gb30-69e8a9148ab78-0-0-4\" class=\"so-panel widget widget_sow-headline\" data-index=\"4\" ><div\n\t\t\t\n\t\t\tclass=\"so-widget-sow-headline so-widget-sow-headline-default-5ff98ee6f9a9-30\"\n\t\t\t\n\t\t><div class=\"sow-headline-container \">\n\t\t\t\t\t\t\t<h2 class=\"sow-headline\">\n\t\t\t\t\t\tLe laboratoire\t\t\t\t\t\t<\/h2>\n\t\t\t\t\t\t\t\t\t\t\t<div class=\"decoration\">\n\t\t\t\t\t\t<div class=\"decoration-inside\"><\/div>\n\t\t\t\t\t<\/div>\n\t\t\t\t\t<\/div>\n<\/div><\/div><div id=\"panel-gb30-69e8a9148ab78-0-0-5\" class=\"so-panel widget widget_sow-editor\" data-index=\"5\" ><div\n\t\t\t\n\t\t\tclass=\"so-widget-sow-editor so-widget-sow-editor-base\"\n\t\t\t\n\t\t>\n<div class=\"siteorigin-widget-tinymce textwidget\">\n\t<p style=\"text-align: left;\">Pour la petite histoire, nous avons cr\u00e9\u00e9 notre laboratoire dans la vielle \u00e9table de la ferme, ce qui donne unpetit charme sur l\u2019ext\u00e9rieur.<\/p>\n<p style=\"text-align: left;\">Notre outils de travail est en attente de validation d\u2019agr\u00e9ment CE, car notre cheval de bataille se r\u00e9sume en quelques mots : <strong>propret\u00e9, hygi\u00e8ne et tra\u00e7abilit\u00e9.<\/strong><\/p>\n<p style=\"text-align: left;\">En effet nous avons mis des r\u00e8gles tr\u00e8s s\u00e9rieuses en place, afin d&rsquo;\u00eatre irr\u00e9prochable sur nos cin\u00e9tiques deproduction.<\/p>\n<\/div>\n<\/div><\/div><div id=\"panel-gb30-69e8a9148ab78-0-0-6\" class=\"so-panel widget widget_sow-headline\" data-index=\"6\" ><div\n\t\t\t\n\t\t\tclass=\"so-widget-sow-headline so-widget-sow-headline-default-5ff98ee6f9a9-30\"\n\t\t\t\n\t\t><div class=\"sow-headline-container \">\n\t\t\t\t\t\t\t<h2 class=\"sow-headline\">\n\t\t\t\t\t\tTradition et savoir-faire\t\t\t\t\t\t<\/h2>\n\t\t\t\t\t\t\t\t\t\t\t<div class=\"decoration\">\n\t\t\t\t\t\t<div class=\"decoration-inside\"><\/div>\n\t\t\t\t\t<\/div>\n\t\t\t\t\t<\/div>\n<\/div><\/div><div id=\"panel-gb30-69e8a9148ab78-0-0-7\" class=\"so-panel widget widget_sow-editor\" data-index=\"7\" ><div\n\t\t\t\n\t\t\tclass=\"so-widget-sow-editor so-widget-sow-editor-base\"\n\t\t\t\n\t\t>\n<div class=\"siteorigin-widget-tinymce textwidget\">\n\t<p style=\"text-align: left;\">Notre mat\u00e9riel fonctionnel et la connaissance aguerrie de G\u00e9rard et Patricia, permettent de r\u00e9aliser des produits fermiers au bon go\u00fbt d\u2019antan.<\/p>\n<p style=\"text-align: left;\">La famille souhaitant maitriser tous les maillons de la chaine, nous avons alors cr\u00e9\u00e9 la conserverie et le s\u00e9choir.<\/p>\n<\/div>\n<\/div><\/div><div id=\"panel-gb30-69e8a9148ab78-0-0-8\" class=\"so-panel widget widget_sow-headline\" data-index=\"8\" ><div\n\t\t\t\n\t\t\tclass=\"so-widget-sow-headline so-widget-sow-headline-default-5ff98ee6f9a9-30\"\n\t\t\t\n\t\t><div class=\"sow-headline-container \">\n\t\t\t\t\t\t\t<h2 class=\"sow-headline\">\n\t\t\t\t\t\tLe s\u00e9chage, salaison\t\t\t\t\t\t<\/h2>\n\t\t\t\t\t\t\t\t\t\t\t<div class=\"decoration\">\n\t\t\t\t\t\t<div class=\"decoration-inside\"><\/div>\n\t\t\t\t\t<\/div>\n\t\t\t\t\t<\/div>\n<\/div><\/div><div id=\"panel-gb30-69e8a9148ab78-0-0-9\" class=\"so-panel widget widget_sow-editor\" data-index=\"9\" ><div\n\t\t\t\n\t\t\tclass=\"so-widget-sow-editor so-widget-sow-editor-base\"\n\t\t\t\n\t\t>\n<div class=\"siteorigin-widget-tinymce textwidget\">\n\t<p style=\"text-align: left;\">Nos produits secs fa\u00e7onn\u00e9s \u00e0 l\u2019ancienne r\u00e9veilleront vos papilles.<\/p>\n<p style=\"text-align: left;\">Nous travaillons du porc lourd fermier de 180 \u00e0 200 kg de poids carcasses.<\/p>\n<p style=\"text-align: left;\">Nous avons alors au s\u00e9choir de gros jambons n\u00e9cessitant un affinage de 14 mois minimum, donnant ainsi au produit une qualit\u00e9 gustative incomparable !<\/p>\n<\/div>\n<\/div><\/div><div id=\"panel-gb30-69e8a9148ab78-0-0-10\" class=\"so-panel widget widget_sow-headline\" data-index=\"10\" ><div\n\t\t\t\n\t\t\tclass=\"so-widget-sow-headline so-widget-sow-headline-default-5ff98ee6f9a9-30\"\n\t\t\t\n\t\t><div class=\"sow-headline-container \">\n\t\t\t\t\t\t\t<h2 class=\"sow-headline\">\n\t\t\t\t\t\tLe conditionnement\t\t\t\t\t\t<\/h2>\n\t\t\t\t\t\t\t\t\t\t\t<div class=\"decoration\">\n\t\t\t\t\t\t<div class=\"decoration-inside\"><\/div>\n\t\t\t\t\t<\/div>\n\t\t\t\t\t<\/div>\n<\/div><\/div><div id=\"panel-gb30-69e8a9148ab78-0-0-11\" class=\"so-panel widget widget_sow-editor panel-last-child\" data-index=\"11\" ><div\n\t\t\t\n\t\t\tclass=\"so-widget-sow-editor so-widget-sow-editor-base\"\n\t\t\t\n\t\t>\n<div class=\"siteorigin-widget-tinymce textwidget\">\n\t<p style=\"text-align: left;\">Pour le conditionnement, nous poss\u00e9dons une machine \u00e0 sertir les bo\u00eetes de conserves ainsi qu&rsquo;un appareil pour mettre les produits frais sous vide pour conserver toute la fra\u00eecheur du produit.<\/p>\n<\/div>\n<\/div><\/div><\/div><\/div><div id=\"pg-gb30-69e8a9148ab78-1\"  class=\"panel-grid panel-no-style\" ><div id=\"pgc-gb30-69e8a9148ab78-1-0\"  class=\"panel-grid-cell panel-grid-cell-empty\" ><\/div><\/div><\/div>","protected":false},"excerpt":{"rendered":"<p>Situ\u00e9e dans les Hautes-Pyr\u00e9n\u00e9es, plus pr\u00e9cis\u00e9ment \u00e0 Sauveterre, la ferme Lalaque perp\u00e9tue les traditions depuis quatre g\u00e9n\u00e9rations. Tout d&rsquo;abord c\u00e9r\u00e9alier et naisseur engraisseur de porc, la famille d\u00e9cide de devenir autonome sur leur production d&rsquo;aliments pour leur \u00e9levage. Puis sur l&rsquo;impulsion de l&rsquo;installation du fils Franck, et du savoir-faire de Patricia et G\u00e9rard, ses parents, [&hellip;]<\/p>\n","protected":false},"author":1,"featured_media":0,"parent":0,"menu_order":0,"comment_status":"closed","ping_status":"closed","template":"","meta":{"footnotes":""},"class_list":["post-30","page","type-page","status-publish","hentry","post"],"_links":{"self":[{"href":"https:\/\/fermelalaque.fr\/index.php\/wp-json\/wp\/v2\/pages\/30","targetHints":{"allow":["GET"]}}],"collection":[{"href":"https:\/\/fermelalaque.fr\/index.php\/wp-json\/wp\/v2\/pages"}],"about":[{"href":"https:\/\/fermelalaque.fr\/index.php\/wp-json\/wp\/v2\/types\/page"}],"author":[{"embeddable":true,"href":"https:\/\/fermelalaque.fr\/index.php\/wp-json\/wp\/v2\/users\/1"}],"replies":[{"embeddable":true,"href":"https:\/\/fermelalaque.fr\/index.php\/wp-json\/wp\/v2\/comments?post=30"}],"version-history":[{"count":9,"href":"https:\/\/fermelalaque.fr\/index.php\/wp-json\/wp\/v2\/pages\/30\/revisions"}],"predecessor-version":[{"id":161,"href":"https:\/\/fermelalaque.fr\/index.php\/wp-json\/wp\/v2\/pages\/30\/revisions\/161"}],"wp:attachment":[{"href":"https:\/\/fermelalaque.fr\/index.php\/wp-json\/wp\/v2\/media?parent=30"}],"curies":[{"name":"wp","href":"https:\/\/api.w.org\/{rel}","templated":true}]}}